{"id":26,"date":"2020-08-01T17:16:14","date_gmt":"2020-08-01T15:16:14","guid":{"rendered":"http:\/\/kosmo-immobilier.com\/?page_id=26"},"modified":"2022-07-09T17:03:16","modified_gmt":"2022-07-09T15:03:16","slug":"homepage","status":"publish","type":"page","link":"https:\/\/kosmo-immobilier.com\/","title":{"rendered":"Accueil"},"content":{"rendered":"<p><img decoding=\"async\" width=\"1898\" height=\"516\" src=\"http:\/\/kosmo-immobilier.com\/wp-content\/uploads\/2020\/10\/Fichier-10@1xx.png\" alt=\"\" loading=\"lazy\" srcset=\"https:\/\/kosmo-immobilier.com\/wp-content\/uploads\/2020\/10\/Fichier-10@1xx.png 1898w, https:\/\/kosmo-immobilier.com\/wp-content\/uploads\/2020\/10\/Fichier-10@1xx-300x82.png 300w, https:\/\/kosmo-immobilier.com\/wp-content\/uploads\/2020\/10\/Fichier-10@1xx-768x209.png 768w, https:\/\/kosmo-immobilier.com\/wp-content\/uploads\/2020\/10\/Fichier-10@1xx-1024x278.png 1024w\" sizes=\"auto, (max-width: 1898px) 100vw, 1898px\"><br \/>\n<a target=\"_blank\" rel=\"noopener\"><br \/>\nLinkedin<br \/>\n<\/a><br \/>\n<a target=\"_blank\" rel=\"noopener\"><br \/>\nInstagram<br \/>\n<\/a><\/p>\n<h3>Rejoignez-nous.<\/h3>\n<h1>Il est temps de construire l&#8217;avenir.<\/h1>\n<p><a href=\"#about\" role=\"button\"><br \/>\nEn savoir plus<br \/>\n<\/a><br \/>\n<a role=\"button\"><br \/>\n<\/a><br \/>\n<img decoding=\"async\" width=\"819\" height=\"1024\" src=\"http:\/\/kosmo-immobilier.com\/wp-content\/uploads\/2020\/10\/james-sullivan-ESZRBtkQ_f8-unsplash-1-819x1024.jpg\" alt=\"\" loading=\"lazy\" srcset=\"https:\/\/kosmo-immobilier.com\/wp-content\/uploads\/2020\/10\/james-sullivan-ESZRBtkQ_f8-unsplash-1-819x1024.jpg 819w, https:\/\/kosmo-immobilier.com\/wp-content\/uploads\/2020\/10\/james-sullivan-ESZRBtkQ_f8-unsplash-1-240x300.jpg 240w, https:\/\/kosmo-immobilier.com\/wp-content\/uploads\/2020\/10\/james-sullivan-ESZRBtkQ_f8-unsplash-1-768x960.jpg 768w\" sizes=\"auto, (max-width: 819px) 100vw, 819px\"><br \/>\n<img decoding=\"async\" width=\"6000\" height=\"4000\" src=\"http:\/\/kosmo-immobilier.com\/wp-content\/uploads\/2020\/10\/dakota-roos-dSRhwPe6v9c-unsplash.jpg\" alt=\"\" loading=\"lazy\" srcset=\"https:\/\/kosmo-immobilier.com\/wp-content\/uploads\/2020\/10\/dakota-roos-dSRhwPe6v9c-unsplash.jpg 6000w, https:\/\/kosmo-immobilier.com\/wp-content\/uploads\/2020\/10\/dakota-roos-dSRhwPe6v9c-unsplash-300x200.jpg 300w, https:\/\/kosmo-immobilier.com\/wp-content\/uploads\/2020\/10\/dakota-roos-dSRhwPe6v9c-unsplash-768x512.jpg 768w, https:\/\/kosmo-immobilier.com\/wp-content\/uploads\/2020\/10\/dakota-roos-dSRhwPe6v9c-unsplash-1024x683.jpg 1024w\" sizes=\"auto, (max-width: 6000px) 100vw, 6000px\"><\/p>\n<h2>Entrez dans l&#8217;aventure.<\/h2>\n<p><i>KOSMO<\/i>&nbsp;Immobilier<i>&nbsp;<\/i>est le fruit de deux savoir-faire indispensables pour une op\u00e9ration immobili\u00e8re&nbsp;:<\/p>\n<ul type=\"disc\">\n<li>Le d\u00e9veloppement d\u2019op\u00e9rations<\/li>\n<li>La construction \/ L\u2019acte de construire<\/li>\n<\/ul>\n<p><a href=\"#about\" role=\"button\"><br \/>\nD\u00e9couvrir<br \/>\n<\/a><\/p>\n<h3>Vos ambitions sont les n\u00f4tres.<\/h3>\n<h2>Nos domaines d&#8217;expertise<\/h2>\n<p><a href=\"#about\" role=\"button\"><br \/>\nJe d\u00e9couvre<br \/>\n<\/a><\/p>\n<p><b><i>Promotion Immobili\u00e8re<\/i><\/b><\/p>\n<p>D\u00e9veloppement, conception et construction&nbsp;:<\/p>\n<ul type=\"disc\">\n<li>De logements \u00e0 destination de particuliers, bailleurs et investisseurs institutionnels ou priv\u00e9s<\/li>\n<li>D\u2019\u00c9tablissements Recevant du Public type cabinet m\u00e9dical, commerces, bureaux\u2026<\/li>\n<\/ul>\n<p><a href=\"#\" role=\"button\"><br \/>\nVoir plus<br \/>\n<\/a><\/p>\n<p><strong>Assistance \u00e0 Ma\u00eetrise d\u2019Ouvrage<\/strong><\/p>\n<p>Accompagnement d\u2019investisseurs ou collectivit\u00e9s tout au long de leurs projets immobiliers&nbsp;:<\/p>\n<ul type=\"disc\">\n<li>Faisabilit\u00e9 technique et financi\u00e8re<\/li>\n<li>Suivi du permis de construire et des \u00e9tudes<\/li>\n<li>Assistance \u00e0 la passation des march\u00e9s<\/li>\n<li>Suivi de chantier et livraison<\/li>\n<\/ul>\n<p><a href=\"#\" role=\"button\"><br \/>\nVoir plus<br \/>\n<\/a><br \/>\n<img decoding=\"async\" width=\"2393\" height=\"1257\" src=\"http:\/\/kosmo-immobilier.com\/wp-content\/uploads\/2020\/10\/TEXTES@1xx.png\" alt=\"\" loading=\"lazy\" srcset=\"https:\/\/kosmo-immobilier.com\/wp-content\/uploads\/2020\/10\/TEXTES@1xx.png 2393w, https:\/\/kosmo-immobilier.com\/wp-content\/uploads\/2020\/10\/TEXTES@1xx-300x158.png 300w, https:\/\/kosmo-immobilier.com\/wp-content\/uploads\/2020\/10\/TEXTES@1xx-768x403.png 768w, https:\/\/kosmo-immobilier.com\/wp-content\/uploads\/2020\/10\/TEXTES@1xx-1024x538.png 1024w\" sizes=\"auto, (max-width: 2393px) 100vw, 2393px\"><\/p>\n<h4>Quand est-ce qu&#8217;on se rencontre ?<\/h4>\n<h2>Partagez-nous votre projet,<br \/>\nnous vous r\u00e9pondrons dans les plus brefs d\u00e9lais.<\/h2>\n<p><a href=\"#about\" role=\"button\"><br \/>\nContact Us<br \/>\n<\/a><br \/>\n<img decoding=\"async\" width=\"5760\" height=\"3840\" src=\"http:\/\/kosmo-immobilier.com\/wp-content\/uploads\/2020\/10\/grant-lemons-jTCLppdwSEc-unsplash.jpg\" alt=\"\" loading=\"lazy\" srcset=\"https:\/\/kosmo-immobilier.com\/wp-content\/uploads\/2020\/10\/grant-lemons-jTCLppdwSEc-unsplash.jpg 5760w, https:\/\/kosmo-immobilier.com\/wp-content\/uploads\/2020\/10\/grant-lemons-jTCLppdwSEc-unsplash-300x200.jpg 300w, https:\/\/kosmo-immobilier.com\/wp-content\/uploads\/2020\/10\/grant-lemons-jTCLppdwSEc-unsplash-768x512.jpg 768w, https:\/\/kosmo-immobilier.com\/wp-content\/uploads\/2020\/10\/grant-lemons-jTCLppdwSEc-unsplash-1024x683.jpg 1024w\" sizes=\"auto, (max-width: 5760px) 100vw, 5760px\"><\/p>\n<h2>Kosmo Immobilier<\/h2>\n<p>109 All\u00e9e Bellecour, 84200 Carpentras<br \/>\nTel : 06 32 38 72 77 \/\/ 06 88 34 71 06<\/p>\n<p>c.lefebvre@kosmo-immobilier.com<br \/>\nn.ramos@kosmo-immobilier.com<\/p>\n<p><a href=\"https:\/\/www.linkedin.com\/company\/kosmo-immobillier\/\" target=\"_blank\" rel=\"noopener\"><br \/>\nLinkedin<br \/>\n<\/a><br \/>\n<a target=\"_blank\" rel=\"noopener\"><br \/>\nInstagram<br \/>\n<\/a><\/p>\n","protected":false},"excerpt":{"rendered":"<p>Linkedin Instagram Rejoignez-nous. Il est temps de construire l&#8217;avenir. En savoir plus Entrez dans l&#8217;aventure. KOSMO&nbsp;Immobilier&nbsp;est le fruit de deux savoir-faire indispensables pour une op\u00e9ration immobili\u00e8re&nbsp;: Le d\u00e9veloppement d\u2019op\u00e9rations La construction \/ L\u2019acte de construire D\u00e9couvrir Vos ambitions sont les n\u00f4tres. Nos domaines d&#8217;expertise Je d\u00e9couvre Promotion Immobili\u00e8re D\u00e9veloppement, conception et construction&nbsp;: De logements \u00e0 [&hellip;]<\/p>\n","protected":false},"author":1,"featured_media":0,"parent":0,"menu_order":0,"comment_status":"closed","ping_status":"closed","template":"","meta":{"footnotes":""},"class_list":["post-26","page","type-page","status-publish","hentry","entry"],"_links":{"self":[{"href":"https:\/\/kosmo-immobilier.com\/index.php\/wp-json\/wp\/v2\/pages\/26","targetHints":{"allow":["GET"]}}],"collection":[{"href":"https:\/\/kosmo-immobilier.com\/index.php\/wp-json\/wp\/v2\/pages"}],"about":[{"href":"https:\/\/kosmo-immobilier.com\/index.php\/wp-json\/wp\/v2\/types\/page"}],"author":[{"embeddable":true,"href":"https:\/\/kosmo-immobilier.com\/index.php\/wp-json\/wp\/v2\/users\/1"}],"replies":[{"embeddable":true,"href":"https:\/\/kosmo-immobilier.com\/index.php\/wp-json\/wp\/v2\/comments?post=26"}],"version-history":[{"count":13,"href":"https:\/\/kosmo-immobilier.com\/index.php\/wp-json\/wp\/v2\/pages\/26\/revisions"}],"predecessor-version":[{"id":173,"href":"https:\/\/kosmo-immobilier.com\/index.php\/wp-json\/wp\/v2\/pages\/26\/revisions\/173"}],"wp:attachment":[{"href":"https:\/\/kosmo-immobilier.com\/index.php\/wp-json\/wp\/v2\/media?parent=26"}],"curies":[{"name":"wp","href":"https:\/\/api.w.org\/{rel}","templated":true}]}}